{"id":24,"date":"2019-02-02T15:11:19","date_gmt":"2019-02-02T15:11:19","guid":{"rendered":"http:\/\/concerned-coyote.w5.wpsandbox.pro\/?page_id=24"},"modified":"2024-09-25T11:15:38","modified_gmt":"2024-09-25T14:15:38","slug":"home","status":"publish","type":"page","link":"https:\/\/acrayara.com.ar\/site\/","title":{"rendered":"Home"},"content":{"rendered":"\t\t<div data-elementor-type=\"wp-post\" data-elementor-id=\"24\" class=\"elementor elementor-24\">\n\t\t\t\t\t\t<section class=\"elementor-section elementor-top-section elementor-element elementor-element-27d7eaf6 elementor-section-content-middle elementor-section-boxed elementor-section-height-default elementor-section-height-default\" data-id=\"27d7eaf6\" data-element_type=\"section\" data-settings=\"{&quot;background_background&quot;:&quot;classic&quot;}\">\n\t\t\t\t\t\t<div class=\"elementor-container elementor-column-gap-default\">\n\t\t\t\t\t<div class=\"elementor-column elementor-col-50 elementor-top-column elementor-element elementor-element-277cae2\" data-id=\"277cae2\" data-element_type=\"column\">\n\t\t\t<div class=\"elementor-widget-wrap elementor-element-populated\">\n\t\t\t\t\t\t<div class=\"elementor-element elementor-element-fafecd3 elementor-invisible elementor-widget elementor-widget-image\" data-id=\"fafecd3\" data-element_type=\"widget\" data-settings=\"{&quot;_animation&quot;:&quot;fadeIn&quot;}\" data-widget_type=\"image.default\">\n\t\t\t\t<div class=\"elementor-widget-container\">\n\t\t\t\t\t\t\t\t\t\t\t\t\t<img fetchpriority=\"high\" decoding=\"async\" width=\"693\" height=\"724\" src=\"https:\/\/acrayara.com.ar\/site\/wp-content\/uploads\/2021\/04\/238-2389582_old-time-radio-hd-png-download.png\" class=\"attachment-full size-full wp-image-1080\" alt=\"\" srcset=\"https:\/\/acrayara.com.ar\/site\/wp-content\/uploads\/2021\/04\/238-2389582_old-time-radio-hd-png-download.png 693w, https:\/\/acrayara.com.ar\/site\/wp-content\/uploads\/2021\/04\/238-2389582_old-time-radio-hd-png-download-287x300.png 287w\" sizes=\"(max-width: 693px) 100vw, 693px\" \/>\t\t\t\t\t\t\t\t\t\t\t\t\t<\/div>\n\t\t\t\t<\/div>\n\t\t\t\t\t<\/div>\n\t\t<\/div>\n\t\t\t\t<div class=\"elementor-column elementor-col-50 elementor-top-column elementor-element elementor-element-49d208f9\" data-id=\"49d208f9\" data-element_type=\"column\">\n\t\t\t<div class=\"elementor-widget-wrap elementor-element-populated\">\n\t\t\t\t\t\t<div class=\"elementor-element elementor-element-53e0c16 elementor-widget elementor-widget-heading\" data-id=\"53e0c16\" data-element_type=\"widget\" data-widget_type=\"heading.default\">\n\t\t\t\t<div class=\"elementor-widget-container\">\n\t\t\t<h2 class=\"elementor-heading-title elementor-size-default\">ACRAYARA<\/h2>\t\t<\/div>\n\t\t\t\t<\/div>\n\t\t\t\t<div class=\"elementor-element elementor-element-29bace8a elementor-widget elementor-widget-text-editor\" data-id=\"29bace8a\" data-element_type=\"widget\" data-widget_type=\"text-editor.default\">\n\t\t\t\t<div class=\"elementor-widget-container\">\n\t\t\t\t\t\t\t<p style=\"margin-top: 15px; margin-bottom: 15px; color: #333333; font-family: 'Segoe UI', Arial, Helvetica, sans-serif; font-size: 12px; font-style: normal; font-weight: 400;\">Somos una Asociaci\u00f3n Civil sin fines de lucro, cuyo principal objetivo es la preservaci\u00f3n de:<\/p>\n\n<ul style=\"margin-top: 15px; margin-bottom: 15px; margin-left: 0px; padding-top: 0px; padding-right: 0px; padding-bottom: 0px; border: 0px; list-style-type: none; color: #333333; font-family: 'Segoe UI', Arial, Helvetica, sans-serif; font-size: 12px;\">\n \t<li style=\"margin: 0px 0px 5px; padding: 0px 0px 0px 30px; border: 0px; background: url('\/cms\/plugins\/system\/jat3\/jat3\/base-themes\/default\/images\/bullet.gif') 20px 7px no-repeat; line-height: 19.2px; overflow: hidden;\"><span style=\"margin: 0px; padding: 0px; border: 0px; line-height: 1.3em;\">radios antiguas<\/span><\/li>\n \t<li style=\"margin: 0px 0px 5px; padding: 0px 0px 0px 30px; border: 0px; background: url('\/cms\/plugins\/system\/jat3\/jat3\/base-themes\/default\/images\/bullet.gif') 20px 7px no-repeat; line-height: 19.2px; overflow: hidden;\"><span style=\"margin: 0px; padding: 0px; border: 0px; line-height: 1.3em;\">televisores y equipos de filmaci\u00f3n antiguos<\/span><\/li>\n \t<li style=\"margin: 0px 0px 5px; padding: 0px 0px 0px 30px; border: 0px; background: url('\/cms\/plugins\/system\/jat3\/jat3\/base-themes\/default\/images\/bullet.gif') 20px 7px no-repeat; line-height: 19.2px; overflow: hidden;\"><span style=\"margin: 0px; padding: 0px; border: 0px; line-height: 1.3em;\">fon\u00f3grafos y victrolas<\/span><\/li>\n \t<li style=\"margin: 0px 0px 5px; padding: 0px 0px 0px 30px; border: 0px; background: url('\/cms\/plugins\/system\/jat3\/jat3\/base-themes\/default\/images\/bullet.gif') 20px 7px no-repeat; line-height: 19.2px; overflow: hidden;\"><span style=\"margin: 0px; padding: 0px; border: 0px; line-height: 1.3em;\">cajas musicales<\/span><\/li>\n \t<li style=\"margin: 0px 0px 5px; padding: 0px 0px 0px 30px; border: 0px; background: url('\/cms\/plugins\/system\/jat3\/jat3\/base-themes\/default\/images\/bullet.gif') 20px 7px no-repeat; line-height: 19.2px; overflow: hidden;\"><span style=\"margin: 0px; padding: 0px; border: 0px; line-height: 1.3em;\">equipos de audio antiguos<\/span><\/li>\n \t<li style=\"margin: 0px 0px 5px; padding: 0px 0px 0px 30px; border: 0px; background: url('\/cms\/plugins\/system\/jat3\/jat3\/base-themes\/default\/images\/bullet.gif') 20px 7px no-repeat; line-height: 19.2px; overflow: hidden;\"><span style=\"margin: 0px; padding: 0px; border: 0px; line-height: 1.3em;\">equipos de grabaci\u00f3n de audio y video<\/span><\/li>\n \t<li style=\"margin: 0px 0px 5px; padding: 0px 0px 0px 30px; border: 0px; background: url('\/cms\/plugins\/system\/jat3\/jat3\/base-themes\/default\/images\/bullet.gif') 20px 7px no-repeat; line-height: 19.2px; overflow: hidden;\"><span style=\"margin: 0px; padding: 0px; border: 0px; line-height: 1.3em;\">equipos de radioaficionados y de telecomunicaciones<\/span><\/li>\n \t<li style=\"margin: 0px 0px 5px; padding: 0px 0px 0px 30px; border: 0px; background: url('\/cms\/plugins\/system\/jat3\/jat3\/base-themes\/default\/images\/bullet.gif') 20px 7px no-repeat; line-height: 19.2px; overflow: hidden;\"><span style=\"margin: 0px; padding: 0px; border: 0px; line-height: 1.3em;\">instrumental electr\u00f3nico t\u00e9cnico y cient\u00edfico<\/span><\/li>\n<\/ul>\n<span style=\"margin: 0px; padding: 0px; border: 0px; color: #333333; font-family: 'Segoe UI', Arial, Helvetica, sans-serif; font-size: 12px; line-height: 1.3em;\">&#8230; y tanto otro artef\u00e1cto t\u00e9cnico que ha marcado el paso del siglo XX y que va incorpor\u00e1ndose lentamente al\u00a0<\/span><span style=\"margin: 0px; padding: 0px; border: 0px; color: #333333; font-family: 'Segoe UI', Arial, Helvetica, sans-serif; font-size: 12px; line-height: 1.3em;\">patrimonio cultural e hist\u00f3rico de nuestro pa\u00eds.\nNuestra aspiraci\u00f3n va m\u00e1s all\u00e1 de la simple conservaci\u00f3n de los objetos, nos interesan sus historias, detalles t\u00e9cnicos y tambi\u00e9n los recuerdos y emociones que inspiraron.<\/span>\n<p style=\"margin-top: 15px; margin-bottom: 15px; color: #333333; font-family: 'Segoe UI', Arial, Helvetica, sans-serif; font-size: 12px; font-style: normal; font-weight: 400;\"><span style=\"margin: 0px; padding: 0px; border: 0px; line-height: 1.3em;\">El hobby de\u00a0<\/span><strong style=\"margin: 0px; padding: 0px; border: 0px; line-height: 1.3em;\">coleccionar y restaurar<\/strong><span style=\"margin: 0px; padding: 0px; border: 0px; line-height: 1.3em;\">\u00a0cada objeto, es relativamente nuevo y poco conocido en nuestro pa\u00eds pero tiene una gran difusi\u00f3n en muchos otros pa\u00edses. En los Estados Unidos y Europa por ejemplo, existen centenas de clubes y millares de coleccionistas con una profusa acci\u00f3n comunitaria y de difusi\u00f3n.\u00a0<\/span>\n<span style=\"margin: 0px; padding: 0px; border: 0px;\">\n<\/span><span style=\"margin: 0px; padding: 0px; border: 0px; line-height: 1.3em;\">Inspirados en esas experiencias, se origina la asociaci\u00f3n cuando un peque\u00f1o grupo de amigos con un sue\u00f1o di\u00f3 el primer peque\u00f1o pero dif\u00edcil paso de crear esta asociaci\u00f3n\u00a0<\/span><strong style=\"margin: 0px; padding: 0px; border: 0px; line-height: 1.3em;\">legalmente constituida<\/strong><span style=\"margin: 0px; padding: 0px; border: 0px; line-height: 1.3em;\">\u00a0y desde all\u00ed poder entonces lanzarnos a recuperar nuestro patrimonio del olvido radio a radio, historia a historia, libro a libro.<\/span><span style=\"margin: 0px; padding: 0px; border: 0px;\">\n<\/span>\nFinalmente el sue\u00f1o trascendi\u00f3, se ampli\u00f3 y lentamente se va transformando en una realidad, hoe el grupo original que era de tan solo unos pocos amigos se ha ido incrementando con el correr de los a\u00f1os, manteniendo en todo momento la calidad del grupo humano y de la labor a realizar.<\/p>\t\t\t\t\t\t<\/div>\n\t\t\t\t<\/div>\n\t\t\t\t<div class=\"elementor-element elementor-element-5d288ffc elementor-align-right elementor-widget elementor-widget-button\" data-id=\"5d288ffc\" data-element_type=\"widget\" data-widget_type=\"button.default\">\n\t\t\t\t<div class=\"elementor-widget-container\">\n\t\t\t\t\t<div class=\"elementor-button-wrapper\">\n\t\t\t<a class=\"elementor-button elementor-button-link elementor-size-md\" href=\"https:\/\/acrayara.com.ar\/site\/estatuto\/\">\n\t\t\t\t\t\t<span class=\"elementor-button-content-wrapper\">\n\t\t\t\t\t\t<span class=\"elementor-button-icon\">\n\t\t\t\t<i aria-hidden=\"true\" class=\"fas fa-long-arrow-alt-right\"><\/i>\t\t\t<\/span>\n\t\t\t\t\t\t\t\t\t<span class=\"elementor-button-text\">Conoce m\u00e1s sobre nosotros<\/span>\n\t\t\t\t\t<\/span>\n\t\t\t\t\t<\/a>\n\t\t<\/div>\n\t\t\t\t<\/div>\n\t\t\t\t<\/div>\n\t\t\t\t\t<\/div>\n\t\t<\/div>\n\t\t\t\t\t<\/div>\n\t\t<\/section>\n\t\t\t\t<section class=\"elementor-section elementor-top-section elementor-element elementor-element-a0af752 elementor-section-boxed elementor-section-height-default elementor-section-height-default\" data-id=\"a0af752\" data-element_type=\"section\">\n\t\t\t\t\t\t<div class=\"elementor-container elementor-column-gap-no\">\n\t\t\t\t\t<div class=\"elementor-column elementor-col-100 elementor-top-column elementor-element elementor-element-98885ef\" data-id=\"98885ef\" data-element_type=\"column\">\n\t\t\t<div class=\"elementor-widget-wrap elementor-element-populated\">\n\t\t\t\t\t\t<div class=\"elementor-element elementor-element-3866939 elementor-widget elementor-widget-menu-anchor\" data-id=\"3866939\" data-element_type=\"widget\" data-widget_type=\"menu-anchor.default\">\n\t\t\t\t<div class=\"elementor-widget-container\">\n\t\t\t\t\t<div class=\"elementor-menu-anchor\" id=\"services\"><\/div>\n\t\t\t\t<\/div>\n\t\t\t\t<\/div>\n\t\t\t\t\t<\/div>\n\t\t<\/div>\n\t\t\t\t\t<\/div>\n\t\t<\/section>\n\t\t\t\t<section class=\"elementor-section elementor-top-section elementor-element elementor-element-21adf3d5 elementor-section-content-bottom elementor-section-boxed elementor-section-height-default elementor-section-height-default\" data-id=\"21adf3d5\" data-element_type=\"section\">\n\t\t\t\t\t\t<div class=\"elementor-container elementor-column-gap-default\">\n\t\t\t\t\t<div class=\"elementor-column elementor-col-33 elementor-top-column elementor-element elementor-element-fd42cec\" data-id=\"fd42cec\" data-element_type=\"column\">\n\t\t\t<div class=\"elementor-widget-wrap elementor-element-populated\">\n\t\t\t\t\t\t<div class=\"elementor-element elementor-element-2d2647f elementor-view-default elementor-position-top elementor-mobile-position-top elementor-widget elementor-widget-icon-box\" data-id=\"2d2647f\" data-element_type=\"widget\" data-widget_type=\"icon-box.default\">\n\t\t\t\t<div class=\"elementor-widget-container\">\n\t\t\t\t\t<div class=\"elementor-icon-box-wrapper\">\n\n\t\t\t\t\t\t<div class=\"elementor-icon-box-icon\">\n\t\t\t\t<span  class=\"elementor-icon elementor-animation-\">\n\t\t\t\t<i aria-hidden=\"true\" class=\"fab fa-forumbee\"><\/i>\t\t\t\t<\/span>\n\t\t\t<\/div>\n\t\t\t\n\t\t\t\t\t\t<div class=\"elementor-icon-box-content\">\n\n\t\t\t\t\t\t\t\t\t<h3 class=\"elementor-icon-box-title\">\n\t\t\t\t\t\t<span  >\n\t\t\t\t\t\t\tForo comunitario\t\t\t\t\t\t<\/span>\n\t\t\t\t\t<\/h3>\n\t\t\t\t\n\t\t\t\t\t\t\t\t\t<p class=\"elementor-icon-box-description\">\n\t\t\t\t\t\tForo de la comunidad donde podes participar<br>en los diferentes temas referidos a las radios.\t\t\t\t\t<\/p>\n\t\t\t\t\n\t\t\t<\/div>\n\t\t\t\n\t\t<\/div>\n\t\t\t\t<\/div>\n\t\t\t\t<\/div>\n\t\t\t\t\t<\/div>\n\t\t<\/div>\n\t\t\t\t<div class=\"elementor-column elementor-col-33 elementor-top-column elementor-element elementor-element-24b34206\" data-id=\"24b34206\" data-element_type=\"column\">\n\t\t\t<div class=\"elementor-widget-wrap elementor-element-populated\">\n\t\t\t\t\t\t<div class=\"elementor-element elementor-element-8de03ca elementor-view-default elementor-position-top elementor-mobile-position-top elementor-widget elementor-widget-icon-box\" data-id=\"8de03ca\" data-element_type=\"widget\" data-widget_type=\"icon-box.default\">\n\t\t\t\t<div class=\"elementor-widget-container\">\n\t\t\t\t\t<div class=\"elementor-icon-box-wrapper\">\n\n\t\t\t\t\t\t<div class=\"elementor-icon-box-icon\">\n\t\t\t\t<span  class=\"elementor-icon elementor-animation-\">\n\t\t\t\t<i aria-hidden=\"true\" class=\"fas fa-book-reader\"><\/i>\t\t\t\t<\/span>\n\t\t\t<\/div>\n\t\t\t\n\t\t\t\t\t\t<div class=\"elementor-icon-box-content\">\n\n\t\t\t\t\t\t\t\t\t<h3 class=\"elementor-icon-box-title\">\n\t\t\t\t\t\t<span  >\n\t\t\t\t\t\t\tBiblioteca de documentos\t\t\t\t\t\t<\/span>\n\t\t\t\t\t<\/h3>\n\t\t\t\t\n\t\t\t\t\t\t\t\t\t<p class=\"elementor-icon-box-description\">\n\t\t\t\t\t\tBiblioteca con contenidos de archivos descargables como circuitos, manuales, libros, etc.\t\t\t\t\t<\/p>\n\t\t\t\t\n\t\t\t<\/div>\n\t\t\t\n\t\t<\/div>\n\t\t\t\t<\/div>\n\t\t\t\t<\/div>\n\t\t\t\t\t<\/div>\n\t\t<\/div>\n\t\t\t\t<div class=\"elementor-column elementor-col-33 elementor-top-column elementor-element elementor-element-14cdcf1\" data-id=\"14cdcf1\" data-element_type=\"column\">\n\t\t\t<div class=\"elementor-widget-wrap elementor-element-populated\">\n\t\t\t\t\t\t<div class=\"elementor-element elementor-element-3dac2de elementor-view-default elementor-position-top elementor-mobile-position-top elementor-widget elementor-widget-icon-box\" data-id=\"3dac2de\" data-element_type=\"widget\" data-widget_type=\"icon-box.default\">\n\t\t\t\t<div class=\"elementor-widget-container\">\n\t\t\t\t\t<div class=\"elementor-icon-box-wrapper\">\n\n\t\t\t\t\t\t<div class=\"elementor-icon-box-icon\">\n\t\t\t\t<span  class=\"elementor-icon elementor-animation-\">\n\t\t\t\t<i aria-hidden=\"true\" class=\"fas fa-cogs\"><\/i>\t\t\t\t<\/span>\n\t\t\t<\/div>\n\t\t\t\n\t\t\t\t\t\t<div class=\"elementor-icon-box-content\">\n\n\t\t\t\t\t\t\t\t\t<h3 class=\"elementor-icon-box-title\">\n\t\t\t\t\t\t<span  >\n\t\t\t\t\t\t\tCat\u00e1logo de radios\t\t\t\t\t\t<\/span>\n\t\t\t\t\t<\/h3>\n\t\t\t\t\n\t\t\t\t\t\t\t\t\t<p class=\"elementor-icon-box-description\">\n\t\t\t\t\t\tCat\u00e1logo colaborativo sobre diferentes<br>modelos de radios y v\u00e1lvulas existentes de cada fabricante.\t\t\t\t\t<\/p>\n\t\t\t\t\n\t\t\t<\/div>\n\t\t\t\n\t\t<\/div>\n\t\t\t\t<\/div>\n\t\t\t\t<\/div>\n\t\t\t\t\t<\/div>\n\t\t<\/div>\n\t\t\t\t\t<\/div>\n\t\t<\/section>\n\t\t\t\t<\/div>\n\t\t","protected":false},"excerpt":{"rendered":"<p>ACRAYARA Somos una Asociaci\u00f3n Civil sin fines de lucro, cuyo principal objetivo es la preservaci\u00f3n de: radios antiguas televisores y equipos de filmaci\u00f3n antiguos fon\u00f3grafos y victrolas cajas musicales equipos de audio antiguos equipos de grabaci\u00f3n de audio y video equipos de radioaficionados y de telecomunicaciones instrumental electr\u00f3nico t\u00e9cnico y cient\u00edfico &#8230; y tanto otro [&hellip;]<\/p>\n","protected":false},"author":1,"featured_media":0,"parent":0,"menu_order":0,"comment_status":"closed","ping_status":"closed","template":"page-templates\/pagebuilder.php","meta":{"footnotes":""},"class_list":["post-24","page","type-page","status-publish","hentry"],"_links":{"self":[{"href":"https:\/\/acrayara.com.ar\/site\/wp-json\/wp\/v2\/pages\/24","targetHints":{"allow":["GET"]}}],"collection":[{"href":"https:\/\/acrayara.com.ar\/site\/wp-json\/wp\/v2\/pages"}],"about":[{"href":"https:\/\/acrayara.com.ar\/site\/wp-json\/wp\/v2\/types\/page"}],"author":[{"embeddable":true,"href":"https:\/\/acrayara.com.ar\/site\/wp-json\/wp\/v2\/users\/1"}],"replies":[{"embeddable":true,"href":"https:\/\/acrayara.com.ar\/site\/wp-json\/wp\/v2\/comments?post=24"}],"version-history":[{"count":42,"href":"https:\/\/acrayara.com.ar\/site\/wp-json\/wp\/v2\/pages\/24\/revisions"}],"predecessor-version":[{"id":1528,"href":"https:\/\/acrayara.com.ar\/site\/wp-json\/wp\/v2\/pages\/24\/revisions\/1528"}],"wp:attachment":[{"href":"https:\/\/acrayara.com.ar\/site\/wp-json\/wp\/v2\/media?parent=24"}],"curies":[{"name":"wp","href":"https:\/\/api.w.org\/{rel}","templated":true}]}}